{"id":483,"date":"2024-02-08T22:33:07","date_gmt":"2024-02-08T21:33:07","guid":{"rendered":"https:\/\/www.b6.at\/?page_id=483"},"modified":"2026-02-01T14:25:34","modified_gmt":"2026-02-01T13:25:34","slug":"leistungen","status":"publish","type":"page","link":"https:\/\/www.b6.at\/index.php\/leistungen\/","title":{"rendered":"Leistungen"},"content":{"rendered":"\t\t<div data-elementor-type=\"wp-page\" data-elementor-id=\"483\" class=\"elementor elementor-483\" data-elementor-post-type=\"page\">\n\t\t\t\t\t\t<section class=\"elementor-section elementor-top-section elementor-element elementor-element-154c970c elementor-section-boxed elementor-section-height-default elementor-section-height-default\" data-id=\"154c970c\" data-element_type=\"section\" data-e-type=\"section\">\n\t\t\t\t\t\t<div class=\"elementor-container elementor-column-gap-default\">\n\t\t\t\t\t<div class=\"elementor-column elementor-col-100 elementor-top-column elementor-element elementor-element-2104a349\" data-id=\"2104a349\" data-element_type=\"column\" data-e-type=\"column\">\n\t\t\t<div class=\"elementor-widget-wrap elementor-element-populated\">\n\t\t\t\t\t\t<div class=\"elementor-element elementor-element-5be08ef3 elementor-widget elementor-widget-heading\" data-id=\"5be08ef3\" data-element_type=\"widget\" data-e-type=\"widget\" data-widget_type=\"heading.default\">\n\t\t\t\t<div class=\"elementor-widget-container\">\n\t\t\t\t\t<h2 class=\"elementor-heading-title elementor-size-default\">Leistungen<\/h2>\t\t\t\t<\/div>\n\t\t\t\t<\/div>\n\t\t\t\t<div class=\"elementor-element elementor-element-6ea6fdb5 elementor-widget elementor-widget-heading\" data-id=\"6ea6fdb5\" data-element_type=\"widget\" data-e-type=\"widget\" data-widget_type=\"heading.default\">\n\t\t\t\t<div class=\"elementor-widget-container\">\n\t\t\t\t\t<h1 class=\"elementor-heading-title elementor-size-default\">Perfektion in jedem Detail<\/h1>\t\t\t\t<\/div>\n\t\t\t\t<\/div>\n\t\t\t\t<div class=\"elementor-element elementor-element-71160a0 elementor-widget elementor-widget-text-editor\" data-id=\"71160a0\" data-element_type=\"widget\" data-e-type=\"widget\" data-widget_type=\"text-editor.default\">\n\t\t\t\t<div class=\"elementor-widget-container\">\n\t\t\t\t\t\t\t\t\t<p>Entdecken Sie unsere breite Palette an erstklassigen Dienstleistungen, einschlie\u00dflich exquisitem Nageldesign, revitalisierender Pedik\u00fcre, sorgf\u00e4ltiger Manik\u00fcre, luxuri\u00f6sen Spa-Behandlungen, Wimpernlifting und professioneller Visagistik.<\/p>\t\t\t\t\t\t\t\t<\/div>\n\t\t\t\t<\/div>\n\t\t\t\t<div class=\"elementor-element elementor-element-22bd6e3 elementor-align-center elementor-widget elementor-widget-button\" data-id=\"22bd6e3\" data-element_type=\"widget\" data-e-type=\"widget\" data-widget_type=\"button.default\">\n\t\t\t\t<div class=\"elementor-widget-container\">\n\t\t\t\t\t\t\t\t\t<div class=\"elementor-button-wrapper\">\n\t\t\t\t\t<a class=\"elementor-button elementor-button-link elementor-size-sm\" href=\"https:\/\/www.b6.at\/wp-content\/uploads\/2026\/02\/B6-KATALOG-0-PREISLISTE-DIENSTLEISTUNGEN-\u2013DE-0-BH.pdf\" download=\"\">\n\t\t\t\t\t\t<span class=\"elementor-button-content-wrapper\">\n\t\t\t\t\t\t\t\t\t<span class=\"elementor-button-text\">Preisliste<\/span>\n\t\t\t\t\t<\/span>\n\t\t\t\t\t<\/a>\n\t\t\t\t<\/div>\n\t\t\t\t\t\t\t\t<\/div>\n\t\t\t\t<\/div>\n\t\t\t\t<section class=\"elementor-section elementor-inner-section elementor-element elementor-element-2e4c91 animated-slow elementor-section-boxed elementor-section-height-default elementor-section-height-default elementor-invisible\" data-id=\"2e4c91\" data-element_type=\"section\" data-e-type=\"section\" data-settings=\"{&quot;animation&quot;:&quot;fadeInUp&quot;}\">\n\t\t\t\t\t\t<div class=\"elementor-container elementor-column-gap-default\">\n\t\t\t\t\t<div class=\"elementor-column elementor-col-33 elementor-inner-column elementor-element elementor-element-5a7c2657\" data-id=\"5a7c2657\" data-element_type=\"column\" data-e-type=\"column\">\n\t\t\t<div class=\"elementor-widget-wrap elementor-element-populated\">\n\t\t\t\t\t\t<div class=\"elementor-element elementor-element-3cfdac74 ekit-equal-height-disable elementor-widget elementor-widget-elementskit-image-box\" data-id=\"3cfdac74\" data-element_type=\"widget\" data-e-type=\"widget\" data-widget_type=\"elementskit-image-box.default\">\n\t\t\t\t<div class=\"elementor-widget-container\">\n\t\t\t\t\t<div class=\"ekit-wid-con\" >\n            <div class=\"elementskit-info-image-box ekit-image-box text-center style-modern\" >\n\n                \n                <div class=\"elementskit-box-header image-box-img-center\">\n\n                    <img fetchpriority=\"high\" decoding=\"async\" width=\"500\" height=\"333\" src=\"https:\/\/www.b6.at\/wp-content\/uploads\/2024\/02\/Pedikuere-und-Manikuere.jpg\" class=\"attachment-full size-full wp-image-792\" alt=\"\" srcset=\"https:\/\/www.b6.at\/wp-content\/uploads\/2024\/02\/Pedikuere-und-Manikuere.jpg 500w, https:\/\/www.b6.at\/wp-content\/uploads\/2024\/02\/Pedikuere-und-Manikuere-300x200.jpg 300w\" sizes=\"(max-width: 500px) 100vw, 500px\" \/>\n                <\/div>\n                \n                <div class=\"elementskit-box-body ekit-image-box-body\">\n                    <div class=\"elementskit-box-content ekit-image-box-body-inner\">\n                                                <h3 class=\"elementskit-info-box-title\">\n\n                        Pedik\u00fcre und Manik\u00fcre\n                        \n                    <\/h3>\n                                                            <div class=\"elementskit-box-style-content\">\n                        Genie\u00dfen Sie gepflegte H\u00e4nde und F\u00fc\u00dfe mit unserer professionellen Manik\u00fcre und Pedik\u00fcre.                    <\/div>\n                                    <\/div>\n\n                            <\/div>\n            <\/div>\n    <\/div>\t\t\t\t<\/div>\n\t\t\t\t<\/div>\n\t\t\t\t\t<\/div>\n\t\t<\/div>\n\t\t\t\t<div class=\"elementor-column elementor-col-33 elementor-inner-column elementor-element elementor-element-1d505d0\" data-id=\"1d505d0\" data-element_type=\"column\" data-e-type=\"column\">\n\t\t\t<div class=\"elementor-widget-wrap elementor-element-populated\">\n\t\t\t\t\t\t<div class=\"elementor-element elementor-element-6080cdb ekit-equal-height-disable elementor-widget elementor-widget-elementskit-image-box\" data-id=\"6080cdb\" data-element_type=\"widget\" data-e-type=\"widget\" data-widget_type=\"elementskit-image-box.default\">\n\t\t\t\t<div class=\"elementor-widget-container\">\n\t\t\t\t\t<div class=\"ekit-wid-con\" >\n            <div class=\"elementskit-info-image-box ekit-image-box text-center style-modern\" >\n\n                \n                <div class=\"elementskit-box-header image-box-img-center\">\n\n                    <img decoding=\"async\" width=\"500\" height=\"333\" src=\"https:\/\/www.b6.at\/wp-content\/uploads\/2024\/02\/Nageldesign.jpg\" class=\"attachment-full size-full wp-image-793\" alt=\"\" srcset=\"https:\/\/www.b6.at\/wp-content\/uploads\/2024\/02\/Nageldesign.jpg 500w, https:\/\/www.b6.at\/wp-content\/uploads\/2024\/02\/Nageldesign-300x200.jpg 300w\" sizes=\"(max-width: 500px) 100vw, 500px\" \/>\n                <\/div>\n                \n                <div class=\"elementskit-box-body ekit-image-box-body\">\n                    <div class=\"elementskit-box-content ekit-image-box-body-inner\">\n                                                <h3 class=\"elementskit-info-box-title\">\n\n                        Nageldesign\n                        \n                    <\/h3>\n                                                            <div class=\"elementskit-box-style-content\">\n                        Perfektes Nageldesign, von Gel bis Acryl, mit individueller Nailart f\u00fcr einzigartige Akzente.                    <\/div>\n                                    <\/div>\n\n                            <\/div>\n            <\/div>\n    <\/div>\t\t\t\t<\/div>\n\t\t\t\t<\/div>\n\t\t\t\t\t<\/div>\n\t\t<\/div>\n\t\t\t\t<div class=\"elementor-column elementor-col-33 elementor-inner-column elementor-element elementor-element-6c89137f\" data-id=\"6c89137f\" data-element_type=\"column\" data-e-type=\"column\">\n\t\t\t<div class=\"elementor-widget-wrap elementor-element-populated\">\n\t\t\t\t\t\t<div class=\"elementor-element elementor-element-5587a834 ekit-equal-height-disable elementor-widget elementor-widget-elementskit-image-box\" data-id=\"5587a834\" data-element_type=\"widget\" data-e-type=\"widget\" data-widget_type=\"elementskit-image-box.default\">\n\t\t\t\t<div class=\"elementor-widget-container\">\n\t\t\t\t\t<div class=\"ekit-wid-con\" >\n            <div class=\"elementskit-info-image-box ekit-image-box text-center style-modern\" >\n\n                \n                <div class=\"elementskit-box-header image-box-img-center\">\n\n                    <img decoding=\"async\" width=\"1000\" height=\"667\" src=\"https:\/\/www.b6.at\/wp-content\/uploads\/2024\/02\/Wimpernlifting-2-Kopie-1.jpg\" class=\"attachment-full size-full wp-image-1038\" alt=\"\" srcset=\"https:\/\/www.b6.at\/wp-content\/uploads\/2024\/02\/Wimpernlifting-2-Kopie-1.jpg 1000w, https:\/\/www.b6.at\/wp-content\/uploads\/2024\/02\/Wimpernlifting-2-Kopie-1-300x200.jpg 300w, https:\/\/www.b6.at\/wp-content\/uploads\/2024\/02\/Wimpernlifting-2-Kopie-1-768x512.jpg 768w\" sizes=\"(max-width: 1000px) 100vw, 1000px\" \/>\n                <\/div>\n                \n                <div class=\"elementskit-box-body ekit-image-box-body\">\n                    <div class=\"elementskit-box-content ekit-image-box-body-inner\">\n                                                <h3 class=\"elementskit-info-box-title\">\n\n                        Wimpernlifting &amp; Augenbrauenlifting\n                        \n                    <\/h3>\n                                                            <div class=\"elementskit-box-style-content\">\n                        Betonen Sie Ihre nat\u00fcrliche Sch\u00f6nheit mit unserem professionellen Wimpern- und Augenbrauenlifting.                    <\/div>\n                                    <\/div>\n\n                            <\/div>\n            <\/div>\n    <\/div>\t\t\t\t<\/div>\n\t\t\t\t<\/div>\n\t\t\t\t\t<\/div>\n\t\t<\/div>\n\t\t\t\t\t<\/div>\n\t\t<\/section>\n\t\t\t\t<section class=\"elementor-section elementor-inner-section elementor-element elementor-element-61c91fe4 animated-slow elementor-section-boxed elementor-section-height-default elementor-section-height-default elementor-invisible\" data-id=\"61c91fe4\" data-element_type=\"section\" data-e-type=\"section\" data-settings=\"{&quot;animation&quot;:&quot;fadeInUp&quot;}\">\n\t\t\t\t\t\t<div class=\"elementor-container elementor-column-gap-default\">\n\t\t\t\t\t<div class=\"elementor-column elementor-col-33 elementor-inner-column elementor-element elementor-element-2975e0ba\" data-id=\"2975e0ba\" data-element_type=\"column\" data-e-type=\"column\">\n\t\t\t<div class=\"elementor-widget-wrap elementor-element-populated\">\n\t\t\t\t\t\t<div class=\"elementor-element elementor-element-3ecf50b ekit-equal-height-disable elementor-widget elementor-widget-elementskit-image-box\" data-id=\"3ecf50b\" data-element_type=\"widget\" data-e-type=\"widget\" data-widget_type=\"elementskit-image-box.default\">\n\t\t\t\t<div class=\"elementor-widget-container\">\n\t\t\t\t\t<div class=\"ekit-wid-con\" >\n            <div class=\"elementskit-info-image-box ekit-image-box text-center style-modern\" >\n\n                \n                <div class=\"elementskit-box-header image-box-img-center\">\n\n                    <img loading=\"lazy\" decoding=\"async\" width=\"500\" height=\"333\" src=\"https:\/\/www.b6.at\/wp-content\/uploads\/2024\/02\/Wimpernverlaengerung.jpg\" class=\"attachment-full size-full wp-image-795\" alt=\"\" srcset=\"https:\/\/www.b6.at\/wp-content\/uploads\/2024\/02\/Wimpernverlaengerung.jpg 500w, https:\/\/www.b6.at\/wp-content\/uploads\/2024\/02\/Wimpernverlaengerung-300x200.jpg 300w\" sizes=\"(max-width: 500px) 100vw, 500px\" \/>\n                <\/div>\n                \n                <div class=\"elementskit-box-body ekit-image-box-body\">\n                    <div class=\"elementskit-box-content ekit-image-box-body-inner\">\n                                                <h3 class=\"elementskit-info-box-title\">\n\n                        Wimpernverl\u00e4ngerung &amp; Verdichtung\n                        \n                    <\/h3>\n                                                            <div class=\"elementskit-box-style-content\">\n                        Betonen Sie Ihre Augen mit unserer Wimpernverl\u00e4ngerung \u2013 der Schl\u00fcssel zu einem fesselnden Blick.                    <\/div>\n                                    <\/div>\n\n                            <\/div>\n            <\/div>\n    <\/div>\t\t\t\t<\/div>\n\t\t\t\t<\/div>\n\t\t\t\t\t<\/div>\n\t\t<\/div>\n\t\t\t\t<div class=\"elementor-column elementor-col-33 elementor-inner-column elementor-element elementor-element-27c7e31c\" data-id=\"27c7e31c\" data-element_type=\"column\" data-e-type=\"column\">\n\t\t\t<div class=\"elementor-widget-wrap elementor-element-populated\">\n\t\t\t\t\t\t<div class=\"elementor-element elementor-element-3dc6a44 ekit-equal-height-disable elementor-widget elementor-widget-elementskit-image-box\" data-id=\"3dc6a44\" data-element_type=\"widget\" data-e-type=\"widget\" data-widget_type=\"elementskit-image-box.default\">\n\t\t\t\t<div class=\"elementor-widget-container\">\n\t\t\t\t\t<div class=\"ekit-wid-con\" >\n            <div class=\"elementskit-info-image-box ekit-image-box text-center style-modern\" >\n\n                \n                <div class=\"elementskit-box-header image-box-img-center\">\n\n                    <img loading=\"lazy\" decoding=\"async\" width=\"500\" height=\"333\" src=\"https:\/\/www.b6.at\/wp-content\/uploads\/2024\/02\/Visagistik.jpg\" class=\"attachment-full size-full wp-image-796\" alt=\"\" srcset=\"https:\/\/www.b6.at\/wp-content\/uploads\/2024\/02\/Visagistik.jpg 500w, https:\/\/www.b6.at\/wp-content\/uploads\/2024\/02\/Visagistik-300x200.jpg 300w\" sizes=\"(max-width: 500px) 100vw, 500px\" \/>\n                <\/div>\n                \n                <div class=\"elementskit-box-body ekit-image-box-body\">\n                    <div class=\"elementskit-box-content ekit-image-box-body-inner\">\n                                                <h3 class=\"elementskit-info-box-title\">\n\n                        Visagistik\n                        \n                    <\/h3>\n                                                            <div class=\"elementskit-box-style-content\">\n                        Betrauen Sie uns mit Ihrer Sch\u00f6nheit \u2013 von Tages- bis Hochzeitsmakeup, wir unterstreichen Ihre Einzigartigkeit.                    <\/div>\n                                    <\/div>\n\n                            <\/div>\n            <\/div>\n    <\/div>\t\t\t\t<\/div>\n\t\t\t\t<\/div>\n\t\t\t\t\t<\/div>\n\t\t<\/div>\n\t\t\t\t<div class=\"elementor-column elementor-col-33 elementor-inner-column elementor-element elementor-element-730f9d3d\" data-id=\"730f9d3d\" data-element_type=\"column\" data-e-type=\"column\">\n\t\t\t<div class=\"elementor-widget-wrap elementor-element-populated\">\n\t\t\t\t\t\t<div class=\"elementor-element elementor-element-5356c735 ekit-equal-height-disable elementor-widget elementor-widget-elementskit-image-box\" data-id=\"5356c735\" data-element_type=\"widget\" data-e-type=\"widget\" data-widget_type=\"elementskit-image-box.default\">\n\t\t\t\t<div class=\"elementor-widget-container\">\n\t\t\t\t\t<div class=\"ekit-wid-con\" >\n            <div class=\"elementskit-info-image-box ekit-image-box text-center style-modern\" >\n\n                \n                <div class=\"elementskit-box-header image-box-img-center\">\n\n                    <img loading=\"lazy\" decoding=\"async\" width=\"1000\" height=\"667\" src=\"https:\/\/www.b6.at\/wp-content\/uploads\/2024\/02\/Spa-2-Kopie.jpg\" class=\"attachment-full size-full wp-image-1037\" alt=\"\" srcset=\"https:\/\/www.b6.at\/wp-content\/uploads\/2024\/02\/Spa-2-Kopie.jpg 1000w, https:\/\/www.b6.at\/wp-content\/uploads\/2024\/02\/Spa-2-Kopie-300x200.jpg 300w, https:\/\/www.b6.at\/wp-content\/uploads\/2024\/02\/Spa-2-Kopie-768x512.jpg 768w\" sizes=\"(max-width: 1000px) 100vw, 1000px\" \/>\n                <\/div>\n                \n                <div class=\"elementskit-box-body ekit-image-box-body\">\n                    <div class=\"elementskit-box-content ekit-image-box-body-inner\">\n                                                <h3 class=\"elementskit-info-box-title\">\n\n                        Spa Packages\n                        \n                    <\/h3>\n                                                            <div class=\"elementskit-box-style-content\">\n                        Verw\u00f6hnen Sie sich mit unserem Spa Packages \u2013 von Peeling bis Massage, f\u00fcr ultimative Entspannung.                    <\/div>\n                                    <\/div>\n\n                            <\/div>\n            <\/div>\n    <\/div>\t\t\t\t<\/div>\n\t\t\t\t<\/div>\n\t\t\t\t\t<\/div>\n\t\t<\/div>\n\t\t\t\t\t<\/div>\n\t\t<\/section>\n\t\t\t\t<div class=\"elementor-element elementor-element-b09f8bc elementor-align-center elementor-widget elementor-widget-button\" data-id=\"b09f8bc\" data-element_type=\"widget\" data-e-type=\"widget\" data-widget_type=\"button.default\">\n\t\t\t\t<div class=\"elementor-widget-container\">\n\t\t\t\t\t\t\t\t\t<div class=\"elementor-button-wrapper\">\n\t\t\t\t\t<a class=\"elementor-button elementor-button-link elementor-size-sm\" href=\"https:\/\/www.b6.at\/wp-content\/uploads\/2026\/02\/B6-KATALOG-0-PREISLISTE-DIENSTLEISTUNGEN-\u2013DE-0-BH.pdf\" download=\"\">\n\t\t\t\t\t\t<span class=\"elementor-button-content-wrapper\">\n\t\t\t\t\t\t\t\t\t<span class=\"elementor-button-text\">Preisliste<\/span>\n\t\t\t\t\t<\/span>\n\t\t\t\t\t<\/a>\n\t\t\t\t<\/div>\n\t\t\t\t\t\t\t\t<\/div>\n\t\t\t\t<\/div>\n\t\t\t\t\t<\/div>\n\t\t<\/div>\n\t\t\t\t\t<\/div>\n\t\t<\/section>\n\t\t\t\t<section class=\"elementor-section elementor-top-section elementor-element elementor-element-150fa8e2 elementor-section-boxed elementor-section-height-default elementor-section-height-default\" data-id=\"150fa8e2\" data-element_type=\"section\" data-e-type=\"section\" data-settings=\"{&quot;background_background&quot;:&quot;classic&quot;}\">\n\t\t\t\t\t\t\t<div class=\"elementor-background-overlay\"><\/div>\n\t\t\t\t\t\t\t<div class=\"elementor-container elementor-column-gap-default\">\n\t\t\t\t\t<div class=\"elementor-column elementor-col-100 elementor-top-column elementor-element elementor-element-5ad682b\" data-id=\"5ad682b\" data-element_type=\"column\" data-e-type=\"column\">\n\t\t\t<div class=\"elementor-widget-wrap elementor-element-populated\">\n\t\t\t\t\t\t<div class=\"elementor-element elementor-element-650dc721 elementor-widget elementor-widget-heading\" data-id=\"650dc721\" data-element_type=\"widget\" data-e-type=\"widget\" data-widget_type=\"heading.default\">\n\t\t\t\t<div class=\"elementor-widget-container\">\n\t\t\t\t\t<h2 class=\"elementor-heading-title elementor-size-default\">B6 ONLINE SHOP<\/h2>\t\t\t\t<\/div>\n\t\t\t\t<\/div>\n\t\t\t\t<div class=\"elementor-element elementor-element-5fc601fa elementor-widget elementor-widget-heading\" data-id=\"5fc601fa\" data-element_type=\"widget\" data-e-type=\"widget\" data-widget_type=\"heading.default\">\n\t\t\t\t<div class=\"elementor-widget-container\">\n\t\t\t\t\t<h1 class=\"elementor-heading-title elementor-size-default\">Ihre Beauty-Quelle, nur einen Klick entfernt<\/h1>\t\t\t\t<\/div>\n\t\t\t\t<\/div>\n\t\t\t\t<div class=\"elementor-element elementor-element-2b2488ab elementor-widget elementor-widget-text-editor\" data-id=\"2b2488ab\" data-element_type=\"widget\" data-e-type=\"widget\" data-widget_type=\"text-editor.default\">\n\t\t\t\t<div class=\"elementor-widget-container\">\n\t\t\t\t\t\t\t\t\t<p>Erleben Sie Luxus und Bequemlichkeit in unserem Onlineshop. Entdecken Sie exklusive Produkte von PAESE, EF EXCLUSIVE und CLD CREATIVE LASH DESIGN zu besonderen Preisen. Bestellen Sie direkt von zu Hause aus und lassen Sie sich von unserer Qualit\u00e4t \u00fcberzeugen. Sch\u00f6nheit war noch nie so zug\u00e4nglich!<\/p>\t\t\t\t\t\t\t\t<\/div>\n\t\t\t\t<\/div>\n\t\t\t\t<div class=\"elementor-element elementor-element-5c597de9 elementor-align-center elementor-widget elementor-widget-button\" data-id=\"5c597de9\" data-element_type=\"widget\" data-e-type=\"widget\" data-widget_type=\"button.default\">\n\t\t\t\t<div class=\"elementor-widget-container\">\n\t\t\t\t\t\t\t\t\t<div class=\"elementor-button-wrapper\">\n\t\t\t\t\t<a class=\"elementor-button elementor-button-link elementor-size-sm\" href=\"https:\/\/www.b6-kosmetik.at\/\">\n\t\t\t\t\t\t<span class=\"elementor-button-content-wrapper\">\n\t\t\t\t\t\t\t\t\t<span class=\"elementor-button-text\">ZUM SHOP<\/span>\n\t\t\t\t\t<\/span>\n\t\t\t\t\t<\/a>\n\t\t\t\t<\/div>\n\t\t\t\t\t\t\t\t<\/div>\n\t\t\t\t<\/div>\n\t\t\t\t\t<\/div>\n\t\t<\/div>\n\t\t\t\t\t<\/div>\n\t\t<\/section>\n\t\t\t\t<\/div>\n\t\t","protected":false},"excerpt":{"rendered":"<p>Leistungen Perfektion in jedem Detail Entdecken Sie unsere breite Palette an erstklassigen Dienstleistungen, einschlie\u00dflich exquisitem Nageldesign, revitalisierender Pedik\u00fcre, sorgf\u00e4ltiger Manik\u00fcre, luxuri\u00f6sen Spa-Behandlungen, Wimpernlifting und professioneller Visagistik. Preisliste Pedik\u00fcre und Manik\u00fcre Genie\u00dfen Sie gepflegte H\u00e4nde und F\u00fc\u00dfe mit unserer professionellen Manik\u00fcre und Pedik\u00fcre. Nageldesign Perfektes Nageldesign, von Gel bis Acryl, mit individueller Nailart f\u00fcr einzigartige Akzente. [&hellip;]<\/p>\n","protected":false},"author":1,"featured_media":0,"parent":0,"menu_order":0,"comment_status":"closed","ping_status":"closed","template":"elementor_header_footer","meta":{"footnotes":""},"class_list":["post-483","page","type-page","status-publish","hentry"],"_links":{"self":[{"href":"https:\/\/www.b6.at\/index.php\/wp-json\/wp\/v2\/pages\/483","targetHints":{"allow":["GET"]}}],"collection":[{"href":"https:\/\/www.b6.at\/index.php\/wp-json\/wp\/v2\/pages"}],"about":[{"href":"https:\/\/www.b6.at\/index.php\/wp-json\/wp\/v2\/types\/page"}],"author":[{"embeddable":true,"href":"https:\/\/www.b6.at\/index.php\/wp-json\/wp\/v2\/users\/1"}],"replies":[{"embeddable":true,"href":"https:\/\/www.b6.at\/index.php\/wp-json\/wp\/v2\/comments?post=483"}],"version-history":[{"count":163,"href":"https:\/\/www.b6.at\/index.php\/wp-json\/wp\/v2\/pages\/483\/revisions"}],"predecessor-version":[{"id":1272,"href":"https:\/\/www.b6.at\/index.php\/wp-json\/wp\/v2\/pages\/483\/revisions\/1272"}],"wp:attachment":[{"href":"https:\/\/www.b6.at\/index.php\/wp-json\/wp\/v2\/media?parent=483"}],"curies":[{"name":"wp","href":"https:\/\/api.w.org\/{rel}","templated":true}]}}