{"id":485,"date":"2024-02-08T22:33:19","date_gmt":"2024-02-08T21:33:19","guid":{"rendered":"https:\/\/www.b6.at\/?page_id=485"},"modified":"2025-08-17T10:22:26","modified_gmt":"2025-08-17T08:22:26","slug":"kurse","status":"publish","type":"page","link":"https:\/\/www.b6.at\/index.php\/kurse\/","title":{"rendered":"Kurse"},"content":{"rendered":"\t\t<div data-elementor-type=\"wp-page\" data-elementor-id=\"485\" class=\"elementor elementor-485\" data-elementor-post-type=\"page\">\n\t\t\t\t\t\t<section class=\"elementor-section elementor-top-section elementor-element elementor-element-270748ef elementor-section-boxed elementor-section-height-default elementor-section-height-default\" data-id=\"270748ef\" data-element_type=\"section\" data-e-type=\"section\">\n\t\t\t\t\t\t<div class=\"elementor-container elementor-column-gap-default\">\n\t\t\t\t\t<div class=\"elementor-column elementor-col-100 elementor-top-column elementor-element elementor-element-131669c1\" data-id=\"131669c1\" data-element_type=\"column\" data-e-type=\"column\">\n\t\t\t<div class=\"elementor-widget-wrap elementor-element-populated\">\n\t\t\t\t\t\t<div class=\"elementor-element elementor-element-71b2eb76 elementor-widget elementor-widget-heading\" data-id=\"71b2eb76\" data-element_type=\"widget\" data-e-type=\"widget\" data-widget_type=\"heading.default\">\n\t\t\t\t<div class=\"elementor-widget-container\">\n\t\t\t\t\t<h2 class=\"elementor-heading-title elementor-size-default\">KURSE<\/h2>\t\t\t\t<\/div>\n\t\t\t\t<\/div>\n\t\t\t\t<div class=\"elementor-element elementor-element-679d8e17 elementor-widget elementor-widget-heading\" data-id=\"679d8e17\" data-element_type=\"widget\" data-e-type=\"widget\" data-widget_type=\"heading.default\">\n\t\t\t\t<div class=\"elementor-widget-container\">\n\t\t\t\t\t<h1 class=\"elementor-heading-title elementor-size-default\">Meisterhaft in kurzer Zeit<\/h1>\t\t\t\t<\/div>\n\t\t\t\t<\/div>\n\t\t\t\t<div class=\"elementor-element elementor-element-32f1bd50 elementor-widget elementor-widget-text-editor\" data-id=\"32f1bd50\" data-element_type=\"widget\" data-e-type=\"widget\" data-widget_type=\"text-editor.default\">\n\t\t\t\t<div class=\"elementor-widget-container\">\n\t\t\t\t\t\t\t\t\t<p>Bereit, Ihre Leidenschaft f\u00fcr Sch\u00f6nheit und Pflege zu vertiefen? Melden Sie sich jetzt f\u00fcr unsere exklusiven Kurse an und entdecken Sie ein Universum an F\u00e4higkeiten, das Ihre beruflichen M\u00f6glichkeiten erweitert. Egal, ob Sie die Kunst der Wimpernverl\u00e4ngerung beherrschen oder sich in der Fu\u00dfpflege spezialisieren m\u00f6chten \u2013 unsere Experten begleiten Sie auf Ihrem Weg zu Exzellenz. F\u00fcllen Sie das folgende Formular aus und starten Sie Ihre Reise zu neuen beruflichen H\u00f6hen!<\/p>\t\t\t\t\t\t\t\t<\/div>\n\t\t\t\t<\/div>\n\t\t\t\t<section class=\"elementor-section elementor-inner-section elementor-element elementor-element-2dd3ec46 animated-slow elementor-section-boxed elementor-section-height-default elementor-section-height-default elementor-invisible\" data-id=\"2dd3ec46\" data-element_type=\"section\" data-e-type=\"section\" data-settings=\"{&quot;animation&quot;:&quot;fadeInUp&quot;}\">\n\t\t\t\t\t\t<div class=\"elementor-container elementor-column-gap-default\">\n\t\t\t\t\t<div class=\"elementor-column elementor-col-33 elementor-inner-column elementor-element elementor-element-6270ad4d\" data-id=\"6270ad4d\" data-element_type=\"column\" data-e-type=\"column\">\n\t\t\t<div class=\"elementor-widget-wrap elementor-element-populated\">\n\t\t\t\t<div class=\"elementor-element elementor-element-ab309cf e-con-full e-flex e-con e-child\" data-id=\"ab309cf\" data-element_type=\"container\" data-e-type=\"container\">\n\t\t\t\t<div class=\"elementor-element elementor-element-06798ca jkit-equal-height-disable elementor-widget elementor-widget-jkit_image_box\" data-id=\"06798ca\" data-element_type=\"widget\" data-e-type=\"widget\" data-widget_type=\"jkit_image_box.default\">\n\t\t\t\t<div class=\"elementor-widget-container\">\n\t\t\t\t\t<div  class=\"jeg-elementor-kit jkit-image-box style-default elementor-animation-float jeg_module___69f32e81eaa2a\" ><div class=\"image-box-header elementor-animation-\"><img fetchpriority=\"high\" decoding=\"async\" width=\"500\" height=\"333\" src=\"https:\/\/www.b6.at\/wp-content\/uploads\/2024\/02\/Wimpernverlaengerung.jpg\" class=\"attachment-large size-large\" alt=\"\" url=\"https:\/\/www.b6.at\/wp-content\/uploads\/2024\/02\/Wimpernverlaengerung.jpg\" source=\"library\" srcset=\"https:\/\/www.b6.at\/wp-content\/uploads\/2024\/02\/Wimpernverlaengerung.jpg 500w, https:\/\/www.b6.at\/wp-content\/uploads\/2024\/02\/Wimpernverlaengerung-300x200.jpg 300w\" sizes=\"(max-width: 500px) 100vw, 500px\" \/><\/div><div class=\"image-box-body\">\n            <div class=\"body-inner\"><h2 class=\"body-title icon-position-before\">Wimpernverl\u00e4ngerung Lash Artist Basis Kurs<\/h2>\n                <div class=\"body-description\"><p><strong>Tauchen Sie ein in die Welt der Wimpern mit unserem intensiven Kurs, der die 1:1 Technik, Volumen Technik, Lash Lifting und Augenbrauen Styling umfasst.<\/strong><\/p><p style=\"text-align: left;\"><strong>Dauer:<\/strong> 15 Tage, Montag bis Freitag von 9 bis 14 Uhr<\/p><p style=\"text-align: left;\"><strong>Termine:<\/strong> In Planung<\/p><\/div>\n                <div class=\"body-button\"><div class=\"button-box icon-position-before\"><div class=\"button-wrapper\"><a href=\"#elementor-action%3Aaction%3Dpopup%3Aopen%26settings%3DeyJpZCI6IjExNjQiLCJ0b2dnbGUiOmZhbHNlfQ%3D%3D\">Anmeldung<\/a><\/div><\/div><\/div>\n                \n            <\/div>\n        <\/div><\/div>\t\t\t\t<\/div>\n\t\t\t\t<\/div>\n\t\t\t\t<\/div>\n\t\t\t\t\t<\/div>\n\t\t<\/div>\n\t\t\t\t<div class=\"elementor-column elementor-col-33 elementor-inner-column elementor-element elementor-element-5d34ab8\" data-id=\"5d34ab8\" data-element_type=\"column\" data-e-type=\"column\">\n\t\t\t<div class=\"elementor-widget-wrap elementor-element-populated\">\n\t\t\t\t<div class=\"elementor-element elementor-element-0d68120 e-con-full e-flex e-con e-child\" data-id=\"0d68120\" data-element_type=\"container\" data-e-type=\"container\">\n\t\t\t\t<div class=\"elementor-element elementor-element-03ac758 jkit-equal-height-disable elementor-widget elementor-widget-jkit_image_box\" data-id=\"03ac758\" data-element_type=\"widget\" data-e-type=\"widget\" data-widget_type=\"jkit_image_box.default\">\n\t\t\t\t<div class=\"elementor-widget-container\">\n\t\t\t\t\t<div  class=\"jeg-elementor-kit jkit-image-box style-default elementor-animation-float jeg_module__1_69f32e81eb95e\" ><div class=\"image-box-header elementor-animation-\"><img decoding=\"async\" width=\"800\" height=\"534\" src=\"https:\/\/www.b6.at\/wp-content\/uploads\/2024\/02\/Visagistik.jpeg\" class=\"attachment-large size-large\" alt=\"\" url=\"https:\/\/www.b6.at\/wp-content\/uploads\/2024\/02\/Visagistik.jpeg\" source=\"library\" srcset=\"https:\/\/www.b6.at\/wp-content\/uploads\/2024\/02\/Visagistik.jpeg 1000w, https:\/\/www.b6.at\/wp-content\/uploads\/2024\/02\/Visagistik-300x200.jpeg 300w, https:\/\/www.b6.at\/wp-content\/uploads\/2024\/02\/Visagistik-768x512.jpeg 768w\" sizes=\"(max-width: 800px) 100vw, 800px\" \/><\/div><div class=\"image-box-body\">\n            <div class=\"body-inner\"><h2 class=\"body-title icon-position-before\">Visagisten Grundkurs<\/h2>\n                <div class=\"body-description\"><p><strong>Entfalten Sie Ihr kreatives Potenzial mit unserem zw\u00f6lft\u00e4gigen Visagisten-Grundkurs.<\/strong><\/p><p style=\"text-align: left;\"><strong>Dauer:<br \/><\/strong>- Im Betrieb: 12 Tage (60 Stunden)<br \/>- Heimarbeit: 60 Stunden mit Video-\/Bilddokumentation<\/p><p style=\"text-align: left;\"><strong>Termine:<\/strong> In Planung<\/p><\/div>\n                <div class=\"body-button\"><div class=\"button-box icon-position-before\"><div class=\"button-wrapper\"><a href=\"#elementor-action%3Aaction%3Dpopup%3Aopen%26settings%3DeyJpZCI6IjExNjEiLCJ0b2dnbGUiOmZhbHNlfQ%3D%3D\">Anmeldung<\/a><\/div><\/div><\/div>\n                \n            <\/div>\n        <\/div><\/div>\t\t\t\t<\/div>\n\t\t\t\t<\/div>\n\t\t\t\t<\/div>\n\t\t\t\t\t<\/div>\n\t\t<\/div>\n\t\t\t\t<div class=\"elementor-column elementor-col-33 elementor-inner-column elementor-element elementor-element-74eb53ed\" data-id=\"74eb53ed\" data-element_type=\"column\" data-e-type=\"column\">\n\t\t\t<div class=\"elementor-widget-wrap elementor-element-populated\">\n\t\t\t\t<div class=\"elementor-element elementor-element-28fc048 e-con-full e-flex e-con e-child\" data-id=\"28fc048\" data-element_type=\"container\" data-e-type=\"container\">\n\t\t\t\t<div class=\"elementor-element elementor-element-b493a22 jkit-equal-height-disable elementor-widget elementor-widget-jkit_image_box\" data-id=\"b493a22\" data-element_type=\"widget\" data-e-type=\"widget\" data-widget_type=\"jkit_image_box.default\">\n\t\t\t\t<div class=\"elementor-widget-container\">\n\t\t\t\t\t<div  class=\"jeg-elementor-kit jkit-image-box style-default elementor-animation-float jeg_module__2_69f32e81ec876\" ><div class=\"image-box-header elementor-animation-\"><img decoding=\"async\" width=\"800\" height=\"534\" src=\"https:\/\/www.b6.at\/wp-content\/uploads\/2024\/02\/Wimpern-1zu1-Technik.jpeg\" class=\"attachment-large size-large\" alt=\"\" url=\"https:\/\/www.b6.at\/wp-content\/uploads\/2024\/02\/Wimpern-1zu1-Technik.jpeg\" source=\"library\" srcset=\"https:\/\/www.b6.at\/wp-content\/uploads\/2024\/02\/Wimpern-1zu1-Technik.jpeg 1000w, https:\/\/www.b6.at\/wp-content\/uploads\/2024\/02\/Wimpern-1zu1-Technik-300x200.jpeg 300w, https:\/\/www.b6.at\/wp-content\/uploads\/2024\/02\/Wimpern-1zu1-Technik-768x512.jpeg 768w\" sizes=\"(max-width: 800px) 100vw, 800px\" \/><\/div><div class=\"image-box-body\">\n            <div class=\"body-inner\"><h2 class=\"body-title icon-position-before\">Wimpernkurs 1:1 Technik<\/h2>\n                <div class=\"body-description\"><p><strong>Tauchen Sie ein in die Welt der Wimpernverl\u00e4ngerung mit unserem Tageskurs.<\/strong><\/p><p style=\"text-align: left;\"><strong>Dauer:\u00a0<\/strong><\/p><p style=\"text-align: left;\"><strong>Termi<\/strong><strong>ne:<\/strong> In Planung<\/p><\/div>\n                <div class=\"body-button\"><div class=\"button-box icon-position-before\"><div class=\"button-wrapper\"><a href=\"#elementor-action%3Aaction%3Dpopup%3Aopen%26settings%3DeyJpZCI6IjExMjkiLCJ0b2dnbGUiOmZhbHNlfQ%3D%3D\">Unverbindliche Voranmeldung<\/a><\/div><\/div><\/div>\n                \n            <\/div>\n        <\/div><\/div>\t\t\t\t<\/div>\n\t\t\t\t<\/div>\n\t\t\t\t<\/div>\n\t\t\t\t\t<\/div>\n\t\t<\/div>\n\t\t\t\t\t<\/div>\n\t\t<\/section>\n\t\t\t\t<section class=\"elementor-section elementor-inner-section elementor-element elementor-element-a937caa animated-slow elementor-section-boxed elementor-section-height-default elementor-section-height-default elementor-invisible\" data-id=\"a937caa\" data-element_type=\"section\" data-e-type=\"section\" data-settings=\"{&quot;animation&quot;:&quot;fadeInUp&quot;}\">\n\t\t\t\t\t\t<div class=\"elementor-container elementor-column-gap-default\">\n\t\t\t\t\t<div class=\"elementor-column elementor-col-33 elementor-inner-column elementor-element elementor-element-5df94ed\" data-id=\"5df94ed\" data-element_type=\"column\" data-e-type=\"column\">\n\t\t\t<div class=\"elementor-widget-wrap elementor-element-populated\">\n\t\t\t\t<div class=\"elementor-element elementor-element-babab49 e-con-full e-flex e-con e-child\" data-id=\"babab49\" data-element_type=\"container\" data-e-type=\"container\">\n\t\t\t\t<div class=\"elementor-element elementor-element-d80048d jkit-equal-height-disable elementor-widget elementor-widget-jkit_image_box\" data-id=\"d80048d\" data-element_type=\"widget\" data-e-type=\"widget\" data-widget_type=\"jkit_image_box.default\">\n\t\t\t\t<div class=\"elementor-widget-container\">\n\t\t\t\t\t<div  class=\"jeg-elementor-kit jkit-image-box style-default elementor-animation-float jeg_module__3_69f32e81ed59e\" ><div class=\"image-box-header elementor-animation-\"><img loading=\"lazy\" decoding=\"async\" width=\"800\" height=\"534\" src=\"https:\/\/www.b6.at\/wp-content\/uploads\/2024\/02\/Wimpern-Volumen.jpeg\" class=\"attachment-large size-large\" alt=\"\" url=\"https:\/\/www.b6.at\/wp-content\/uploads\/2024\/02\/Wimpern-Volumen.jpeg\" source=\"library\" srcset=\"https:\/\/www.b6.at\/wp-content\/uploads\/2024\/02\/Wimpern-Volumen.jpeg 1000w, https:\/\/www.b6.at\/wp-content\/uploads\/2024\/02\/Wimpern-Volumen-300x200.jpeg 300w, https:\/\/www.b6.at\/wp-content\/uploads\/2024\/02\/Wimpern-Volumen-768x512.jpeg 768w\" sizes=\"(max-width: 800px) 100vw, 800px\" \/><\/div><div class=\"image-box-body\">\n            <div class=\"body-inner\"><h2 class=\"body-title icon-position-before\">Wimpernkurs Volumen Technik<\/h2>\n                <div class=\"body-description\"><p><strong>Erweitern Sie Ihre Fertigkeiten mit unserem Tageskurs zur Volumen Technik.<\/strong><\/p><p style=\"text-align: left;\"><strong>Dauer:<\/strong><\/p><p style=\"text-align: left;\"><strong>Termine:<\/strong> In Planung<\/p><\/div>\n                <div class=\"body-button\"><div class=\"button-box icon-position-before\"><div class=\"button-wrapper\"><a href=\"#elementor-action%3Aaction%3Dpopup%3Aopen%26settings%3DeyJpZCI6IjExNDkiLCJ0b2dnbGUiOmZhbHNlfQ%3D%3D\">Unverbindliche Voranmeldung<\/a><\/div><\/div><\/div>\n                \n            <\/div>\n        <\/div><\/div>\t\t\t\t<\/div>\n\t\t\t\t<\/div>\n\t\t\t\t<\/div>\n\t\t\t\t\t<\/div>\n\t\t<\/div>\n\t\t\t\t<div class=\"elementor-column elementor-col-33 elementor-inner-column elementor-element elementor-element-1095d08\" data-id=\"1095d08\" data-element_type=\"column\" data-e-type=\"column\">\n\t\t\t<div class=\"elementor-widget-wrap elementor-element-populated\">\n\t\t\t\t<div class=\"elementor-element elementor-element-082e97e e-con-full e-flex e-con e-child\" data-id=\"082e97e\" data-element_type=\"container\" data-e-type=\"container\">\n\t\t\t\t<div class=\"elementor-element elementor-element-f88888c jkit-equal-height-disable elementor-widget elementor-widget-jkit_image_box\" data-id=\"f88888c\" data-element_type=\"widget\" data-e-type=\"widget\" data-widget_type=\"jkit_image_box.default\">\n\t\t\t\t<div class=\"elementor-widget-container\">\n\t\t\t\t\t<div  class=\"jeg-elementor-kit jkit-image-box style-default elementor-animation-float jeg_module__4_69f32e81ee336\" ><div class=\"image-box-header elementor-animation-\"><img loading=\"lazy\" decoding=\"async\" width=\"800\" height=\"534\" src=\"https:\/\/www.b6.at\/wp-content\/uploads\/2024\/02\/Wimpern-Lifting.jpeg\" class=\"attachment-large size-large\" alt=\"\" url=\"https:\/\/www.b6.at\/wp-content\/uploads\/2024\/02\/Wimpern-Lifting.jpeg\" source=\"library\" srcset=\"https:\/\/www.b6.at\/wp-content\/uploads\/2024\/02\/Wimpern-Lifting.jpeg 1000w, https:\/\/www.b6.at\/wp-content\/uploads\/2024\/02\/Wimpern-Lifting-300x200.jpeg 300w, https:\/\/www.b6.at\/wp-content\/uploads\/2024\/02\/Wimpern-Lifting-768x512.jpeg 768w\" sizes=\"(max-width: 800px) 100vw, 800px\" \/><\/div><div class=\"image-box-body\">\n            <div class=\"body-inner\"><h2 class=\"body-title icon-position-before\">Wimpern &amp; Augenbraun Lifting<\/h2>\n                <div class=\"body-description\"><p><strong>Erzielen Sie strahlende Ergebnisse mit unserem Tageskurs Wimpern- und Augenbrauen-Lifting.<\/strong><\/p><p style=\"text-align: left;\"><strong>Dauer:<\/strong><\/p><p style=\"text-align: left;\"><strong>Termine:<\/strong> In Planung<\/p><\/div>\n                <div class=\"body-button\"><div class=\"button-box icon-position-before\"><div class=\"button-wrapper\"><a href=\"#elementor-action%3Aaction%3Dpopup%3Aopen%26settings%3DeyJpZCI6IjExNTIiLCJ0b2dnbGUiOmZhbHNlfQ%3D%3D\">Unverbindliche Voranmeldung<\/a><\/div><\/div><\/div>\n                \n            <\/div>\n        <\/div><\/div>\t\t\t\t<\/div>\n\t\t\t\t<\/div>\n\t\t\t\t<\/div>\n\t\t\t\t\t<\/div>\n\t\t<\/div>\n\t\t\t\t<div class=\"elementor-column elementor-col-33 elementor-inner-column elementor-element elementor-element-a49e5a5\" data-id=\"a49e5a5\" data-element_type=\"column\" data-e-type=\"column\">\n\t\t\t<div class=\"elementor-widget-wrap elementor-element-populated\">\n\t\t\t\t<div class=\"elementor-element elementor-element-933aeb6 e-con-full e-flex e-con e-child\" data-id=\"933aeb6\" data-element_type=\"container\" data-e-type=\"container\">\n\t\t\t\t<div class=\"elementor-element elementor-element-069641d jkit-equal-height-disable elementor-widget elementor-widget-jkit_image_box\" data-id=\"069641d\" data-element_type=\"widget\" data-e-type=\"widget\" data-widget_type=\"jkit_image_box.default\">\n\t\t\t\t<div class=\"elementor-widget-container\">\n\t\t\t\t\t<div  class=\"jeg-elementor-kit jkit-image-box style-default elementor-animation-float jeg_module__5_69f32e81eefd7\" ><div class=\"image-box-header elementor-animation-\"><img loading=\"lazy\" decoding=\"async\" width=\"800\" height=\"534\" src=\"https:\/\/www.b6.at\/wp-content\/uploads\/2024\/02\/Nageldesign.jpeg\" class=\"attachment-large size-large\" alt=\"\" url=\"https:\/\/www.b6.at\/wp-content\/uploads\/2024\/02\/Nageldesign.jpeg\" source=\"library\" srcset=\"https:\/\/www.b6.at\/wp-content\/uploads\/2024\/02\/Nageldesign.jpeg 1000w, https:\/\/www.b6.at\/wp-content\/uploads\/2024\/02\/Nageldesign-300x200.jpeg 300w, https:\/\/www.b6.at\/wp-content\/uploads\/2024\/02\/Nageldesign-768x512.jpeg 768w\" sizes=\"(max-width: 800px) 100vw, 800px\" \/><\/div><div class=\"image-box-body\">\n            <div class=\"body-inner\"><h2 class=\"body-title icon-position-before\">Ausbildung Nageldesign: Intensiv Grundkurs GEL<\/h2>\n                <div class=\"body-description\"><p><strong>Perfektionieren Sie Ihr Nageldesign w\u00e4hrend unseres intensiven Grundkurses.<\/strong><\/p><p style=\"text-align: left;\"><strong>Dauer:<\/strong><\/p><p style=\"text-align: left;\"><strong>Termine:<\/strong> In Planung<\/p><\/div>\n                <div class=\"body-button\"><div class=\"button-box icon-position-before\"><div class=\"button-wrapper\"><a href=\"#elementor-action%3Aaction%3Dpopup%3Aopen%26settings%3DeyJpZCI6IjExNTUiLCJ0b2dnbGUiOmZhbHNlfQ%3D%3D\">Unverbindliche Voranmeldung<\/a><\/div><\/div><\/div>\n                \n            <\/div>\n        <\/div><\/div>\t\t\t\t<\/div>\n\t\t\t\t<\/div>\n\t\t\t\t<\/div>\n\t\t\t\t\t<\/div>\n\t\t<\/div>\n\t\t\t\t\t<\/div>\n\t\t<\/section>\n\t\t\t\t<section class=\"elementor-section elementor-inner-section elementor-element elementor-element-7c7a465 animated-slow elementor-section-boxed elementor-section-height-default elementor-section-height-default elementor-invisible\" data-id=\"7c7a465\" data-element_type=\"section\" data-e-type=\"section\" data-settings=\"{&quot;animation&quot;:&quot;fadeInUp&quot;}\">\n\t\t\t\t\t\t<div class=\"elementor-container elementor-column-gap-default\">\n\t\t\t\t\t<div class=\"elementor-column elementor-col-33 elementor-inner-column elementor-element elementor-element-09f2eb7\" data-id=\"09f2eb7\" data-element_type=\"column\" data-e-type=\"column\">\n\t\t\t<div class=\"elementor-widget-wrap elementor-element-populated\">\n\t\t\t\t<div class=\"elementor-element elementor-element-ca9f397 e-con-full e-flex e-con e-child\" data-id=\"ca9f397\" data-element_type=\"container\" data-e-type=\"container\">\n\t\t\t\t<div class=\"elementor-element elementor-element-6fd4a6d jkit-equal-height-disable elementor-widget elementor-widget-jkit_image_box\" data-id=\"6fd4a6d\" data-element_type=\"widget\" data-e-type=\"widget\" data-widget_type=\"jkit_image_box.default\">\n\t\t\t\t<div class=\"elementor-widget-container\">\n\t\t\t\t\t<div  class=\"jeg-elementor-kit jkit-image-box style-default elementor-animation-float jeg_module__6_69f32e81efd0e\" ><div class=\"image-box-header elementor-animation-\"><img loading=\"lazy\" decoding=\"async\" width=\"800\" height=\"534\" src=\"https:\/\/www.b6.at\/wp-content\/uploads\/2024\/02\/Fusspflege.jpeg\" class=\"attachment-large size-large\" alt=\"\" url=\"https:\/\/www.b6.at\/wp-content\/uploads\/2024\/02\/Fusspflege.jpeg\" source=\"library\" srcset=\"https:\/\/www.b6.at\/wp-content\/uploads\/2024\/02\/Fusspflege.jpeg 1000w, https:\/\/www.b6.at\/wp-content\/uploads\/2024\/02\/Fusspflege-300x200.jpeg 300w, https:\/\/www.b6.at\/wp-content\/uploads\/2024\/02\/Fusspflege-768x512.jpeg 768w\" sizes=\"(max-width: 800px) 100vw, 800px\" \/><\/div><div class=\"image-box-body\">\n            <div class=\"body-inner\"><h2 class=\"body-title icon-position-before\">Fu\u00dfpflege Praxis Kurs<\/h2>\n                <div class=\"body-description\"><p><strong>Werden Sie Experte in der Fu\u00dfpflege mit unserem zw\u00f6lft\u00e4gigen Praxiskurs.<\/strong><\/p><p style=\"text-align: left;\"><strong>Dauer:<\/strong><\/p><p style=\"text-align: left;\"><strong>Termine:<\/strong> In Planung<\/p><p style=\"text-align: left;\"><strong>\u00a0<\/strong><\/p><\/div>\n                <div class=\"body-button\"><div class=\"button-box icon-position-before\"><div class=\"button-wrapper\"><a href=\"#elementor-action%3Aaction%3Dpopup%3Aopen%26settings%3DeyJpZCI6IjExNTgiLCJ0b2dnbGUiOmZhbHNlfQ%3D%3D\">Unverbindliche Voranmeldung<\/a><\/div><\/div><\/div>\n                \n            <\/div>\n        <\/div><\/div>\t\t\t\t<\/div>\n\t\t\t\t<\/div>\n\t\t\t\t<\/div>\n\t\t\t\t\t<\/div>\n\t\t<\/div>\n\t\t\t\t<div class=\"elementor-column elementor-col-33 elementor-inner-column elementor-element elementor-element-1a13700\" data-id=\"1a13700\" data-element_type=\"column\" data-e-type=\"column\">\n\t\t\t<div class=\"elementor-widget-wrap\">\n\t\t\t\t\t\t\t<\/div>\n\t\t<\/div>\n\t\t\t\t<div class=\"elementor-column elementor-col-33 elementor-inner-column elementor-element elementor-element-d71de06\" data-id=\"d71de06\" data-element_type=\"column\" data-e-type=\"column\">\n\t\t\t<div class=\"elementor-widget-wrap\">\n\t\t\t\t\t\t\t<\/div>\n\t\t<\/div>\n\t\t\t\t\t<\/div>\n\t\t<\/section>\n\t\t\t\t\t<\/div>\n\t\t<\/div>\n\t\t\t\t\t<\/div>\n\t\t<\/section>\n\t\t\t\t<section class=\"elementor-section elementor-top-section elementor-element elementor-element-4edfe1e elementor-section-boxed elementor-section-height-default elementor-section-height-default\" data-id=\"4edfe1e\" data-element_type=\"section\" data-e-type=\"section\" data-settings=\"{&quot;background_background&quot;:&quot;classic&quot;}\">\n\t\t\t\t\t\t\t<div class=\"elementor-background-overlay\"><\/div>\n\t\t\t\t\t\t\t<div class=\"elementor-container elementor-column-gap-default\">\n\t\t\t\t\t<div class=\"elementor-column elementor-col-100 elementor-top-column elementor-element elementor-element-873ace5\" data-id=\"873ace5\" data-element_type=\"column\" data-e-type=\"column\">\n\t\t\t<div class=\"elementor-widget-wrap elementor-element-populated\">\n\t\t\t\t\t\t<div class=\"elementor-element elementor-element-348337f elementor-widget elementor-widget-heading\" data-id=\"348337f\" data-element_type=\"widget\" data-e-type=\"widget\" data-widget_type=\"heading.default\">\n\t\t\t\t<div class=\"elementor-widget-container\">\n\t\t\t\t\t<h2 class=\"elementor-heading-title elementor-size-default\">B6 ONLINE SHOP<\/h2>\t\t\t\t<\/div>\n\t\t\t\t<\/div>\n\t\t\t\t<div class=\"elementor-element elementor-element-e842e0b elementor-widget elementor-widget-heading\" data-id=\"e842e0b\" data-element_type=\"widget\" data-e-type=\"widget\" data-widget_type=\"heading.default\">\n\t\t\t\t<div class=\"elementor-widget-container\">\n\t\t\t\t\t<h1 class=\"elementor-heading-title elementor-size-default\">Ihre Beauty-Quelle, nur einen Klick entfernt<\/h1>\t\t\t\t<\/div>\n\t\t\t\t<\/div>\n\t\t\t\t<div class=\"elementor-element elementor-element-898f9ca elementor-widget elementor-widget-text-editor\" data-id=\"898f9ca\" data-element_type=\"widget\" data-e-type=\"widget\" data-widget_type=\"text-editor.default\">\n\t\t\t\t<div class=\"elementor-widget-container\">\n\t\t\t\t\t\t\t\t\t<p>Erleben Sie Luxus und Bequemlichkeit in unserem Onlineshop. Entdecken Sie exklusive Produkte von PAESE, EF EXCLUSIVE und CLD CREATIVE LASH DESIGN zu besonderen Preisen. Bestellen Sie direkt von zu Hause aus und lassen Sie sich von unserer Qualit\u00e4t \u00fcberzeugen. Sch\u00f6nheit war noch nie so zug\u00e4nglich!<\/p>\t\t\t\t\t\t\t\t<\/div>\n\t\t\t\t<\/div>\n\t\t\t\t<div class=\"elementor-element elementor-element-4ddcac5 elementor-align-center elementor-widget elementor-widget-button\" data-id=\"4ddcac5\" data-element_type=\"widget\" data-e-type=\"widget\" data-widget_type=\"button.default\">\n\t\t\t\t<div class=\"elementor-widget-container\">\n\t\t\t\t\t\t\t\t\t<div class=\"elementor-button-wrapper\">\n\t\t\t\t\t<a class=\"elementor-button elementor-button-link elementor-size-sm\" href=\"https:\/\/www.b6-kosmetik.at\/\">\n\t\t\t\t\t\t<span class=\"elementor-button-content-wrapper\">\n\t\t\t\t\t\t\t\t\t<span class=\"elementor-button-text\">ZUM SHOP<\/span>\n\t\t\t\t\t<\/span>\n\t\t\t\t\t<\/a>\n\t\t\t\t<\/div>\n\t\t\t\t\t\t\t\t<\/div>\n\t\t\t\t<\/div>\n\t\t\t\t\t<\/div>\n\t\t<\/div>\n\t\t\t\t\t<\/div>\n\t\t<\/section>\n\t\t\t\t<\/div>\n\t\t","protected":false},"excerpt":{"rendered":"<p>KURSE Meisterhaft in kurzer Zeit Bereit, Ihre Leidenschaft f\u00fcr Sch\u00f6nheit und Pflege zu vertiefen? Melden Sie sich jetzt f\u00fcr unsere exklusiven Kurse an und entdecken Sie ein Universum an F\u00e4higkeiten, das Ihre beruflichen M\u00f6glichkeiten erweitert. Egal, ob Sie die Kunst der Wimpernverl\u00e4ngerung beherrschen oder sich in der Fu\u00dfpflege spezialisieren m\u00f6chten \u2013 unsere Experten begleiten Sie [&hellip;]<\/p>\n","protected":false},"author":1,"featured_media":0,"parent":0,"menu_order":0,"comment_status":"closed","ping_status":"closed","template":"elementor_header_footer","meta":{"footnotes":""},"class_list":["post-485","page","type-page","status-publish","hentry"],"_links":{"self":[{"href":"https:\/\/www.b6.at\/index.php\/wp-json\/wp\/v2\/pages\/485","targetHints":{"allow":["GET"]}}],"collection":[{"href":"https:\/\/www.b6.at\/index.php\/wp-json\/wp\/v2\/pages"}],"about":[{"href":"https:\/\/www.b6.at\/index.php\/wp-json\/wp\/v2\/types\/page"}],"author":[{"embeddable":true,"href":"https:\/\/www.b6.at\/index.php\/wp-json\/wp\/v2\/users\/1"}],"replies":[{"embeddable":true,"href":"https:\/\/www.b6.at\/index.php\/wp-json\/wp\/v2\/comments?post=485"}],"version-history":[{"count":37,"href":"https:\/\/www.b6.at\/index.php\/wp-json\/wp\/v2\/pages\/485\/revisions"}],"predecessor-version":[{"id":1212,"href":"https:\/\/www.b6.at\/index.php\/wp-json\/wp\/v2\/pages\/485\/revisions\/1212"}],"wp:attachment":[{"href":"https:\/\/www.b6.at\/index.php\/wp-json\/wp\/v2\/media?parent=485"}],"curies":[{"name":"wp","href":"https:\/\/api.w.org\/{rel}","templated":true}]}}